{"id":92,"date":"2013-03-31T19:07:46","date_gmt":"2013-03-31T18:07:46","guid":{"rendered":"http:\/\/www.pierra-menta.com\/camping\/?page_id=92"},"modified":"2023-12-04T11:05:31","modified_gmt":"2023-12-04T10:05:31","slug":"plan-deau-daime","status":"publish","type":"page","link":"https:\/\/www.pierra-menta.com\/camping\/plan-deau-daime\/","title":{"rendered":"Plan d&rsquo;eau d&rsquo;Aime"},"content":{"rendered":"<p>A seulement 10 minutes de voiture du camping Pierra-menta, profiter d&rsquo;un plan d&rsquo;eau,<\/p>\n<p style=\"text-align: left;\">avec baignade surveill\u00e9e l&rsquo;apr\u00e8s midi, et des nombreuses activit\u00e9s propos\u00e9es.<\/p>\nngg_shortcode_0_placeholder\n","protected":false},"excerpt":{"rendered":"<p>A seulement 10 minutes de voiture du camping Pierra-menta, profiter d&rsquo;un plan d&rsquo;eau, avec baignade surveill\u00e9e l&rsquo;apr\u00e8s midi, et des nombreuses activit\u00e9s propos\u00e9es. \u00a0\u00bb order_by=\u00a0\u00bbsortorder\u00a0\u00bb order_direction=\u00a0\u00bbASC\u00a0\u00bb returns=\u00a0\u00bbincluded\u00a0\u00bb maximum_entity_count=\u00a0\u00bb500&Prime;]<\/p>\n","protected":false},"author":1,"featured_media":0,"parent":0,"menu_order":0,"comment_status":"closed","ping_status":"closed","template":"","meta":{"ngg_post_thumbnail":0,"footnotes":"","_links_to":"","_links_to_target":""},"class_list":["post-92","page","type-page","status-publish","czr-hentry"],"_links":{"self":[{"href":"https:\/\/www.pierra-menta.com\/camping\/wp-json\/wp\/v2\/pages\/92","targetHints":{"allow":["GET"]}}],"collection":[{"href":"https:\/\/www.pierra-menta.com\/camping\/wp-json\/wp\/v2\/pages"}],"about":[{"href":"https:\/\/www.pierra-menta.com\/camping\/wp-json\/wp\/v2\/types\/page"}],"author":[{"embeddable":true,"href":"https:\/\/www.pierra-menta.com\/camping\/wp-json\/wp\/v2\/users\/1"}],"replies":[{"embeddable":true,"href":"https:\/\/www.pierra-menta.com\/camping\/wp-json\/wp\/v2\/comments?post=92"}],"version-history":[{"count":16,"href":"https:\/\/www.pierra-menta.com\/camping\/wp-json\/wp\/v2\/pages\/92\/revisions"}],"predecessor-version":[{"id":1953,"href":"https:\/\/www.pierra-menta.com\/camping\/wp-json\/wp\/v2\/pages\/92\/revisions\/1953"}],"wp:attachment":[{"href":"https:\/\/www.pierra-menta.com\/camping\/wp-json\/wp\/v2\/media?parent=92"}],"curies":[{"name":"wp","href":"https:\/\/api.w.org\/{rel}","templated":true}]}}