{"id":70,"date":"2013-03-31T18:47:07","date_gmt":"2013-03-31T17:47:07","guid":{"rendered":"http:\/\/www.pierra-menta.com\/camping\/?page_id=70"},"modified":"2026-04-01T19:09:45","modified_gmt":"2026-04-01T18:09:45","slug":"tarifs-planning-roulotte","status":"publish","type":"page","link":"https:\/\/www.pierra-menta.com\/camping\/camping\/tarifs-planning-roulotte\/","title":{"rendered":"Tarifs + planning Roulotte MOBIL HOME"},"content":{"rendered":"\r\n<p>&nbsp;<\/p>\r\n\r\n<p>Description :<\/p>\r\n<p style=\"text-align: left;\" align=\"center\">1 chambre parentale (lit 140 x 200), 1 chambre lit superpos\u00e9 2 enfants ou 1 adulte, 1 salle de douche, 1 wc s\u00e9par\u00e9, 1 s\u00e9jour avec kitchenette, terrasse avec barbecue et vue sur les glaciers. Couettes ou couverture, vaisselle pour 4 personnes, plaque de cuisson au gaz, r\u00e9frig\u00e9rateur. Draps et linge de toilette non fournis.<\/p>\r\n<table style=\"width: 100%;\" border=\"1\" cellspacing=\"1\" cellpadding=\"1\">\r\n<tbody>\r\n<tr>\r\n<td style=\"width: 25.625%;\"><span style=\"font-size: 12pt; font-family: arial, helvetica, sans-serif;\">30 05 au 06 06 2026<\/span><\/td>\r\n<td style=\"width: 54.375%;\"><span style=\"font-size: 12pt; font-family: arial, helvetica, sans-serif;\"><strong>350 euros la semaine max 4 personnes<\/strong><\/span><\/td>\r\n<td style=\"width: 19.6875%; text-align: center;\"><span style=\"font-size: 12pt;\">r\u00e9sa MARTIN 2 PERS<\/span><\/td>\r\n<\/tr>\r\n<tr>\r\n<td style=\"width: 25.625%;\"><span style=\"font-size: 12pt; font-family: arial, helvetica, sans-serif;\">06 06 au 13 06 2026<\/span><\/td>\r\n<td style=\"width: 54.375%;\"><span style=\"font-size: 12pt; font-family: arial, helvetica, sans-serif;\"><strong>350 euros la semaine max 4 personnes<\/strong><\/span><\/td>\r\n<td style=\"text-align: center; width: 19.6875%;\"><span style=\"font-size: 12pt;\">ferm\u00e9<\/span><\/td>\r\n<\/tr>\r\n<tr>\r\n<td style=\"width: 25.625%;\"><span style=\"font-size: 12pt; font-family: arial, helvetica, sans-serif;\">13 06 au 20 06 2026<\/span><\/td>\r\n<td style=\"width: 54.375%;\"><span style=\"font-size: 12pt; font-family: arial, helvetica, sans-serif;\"><strong>350 euros la semaine max 4 personnes<\/strong><\/span><\/td>\r\n<td style=\"text-align: center; width: 19.6875%;\"><span style=\"font-size: 12pt;\">LIBRE<\/span><\/td>\r\n<\/tr>\r\n<tr>\r\n<td style=\"width: 25.625%;\"><span style=\"font-size: 12pt; font-family: arial, helvetica, sans-serif;\">24 06 au 27 06 2026<\/span><\/td>\r\n<td style=\"width: 54.375%;\"><span style=\"font-size: 12pt; font-family: arial, helvetica, sans-serif;\"><strong>350 euros la semaine\u00a0\u00a0max 4 personnes<\/strong><\/span><\/td>\r\n<td style=\"text-align: center; width: 19.6875%;\"><span style=\"font-size: 12pt;\">r\u00e9sa Heidmann<\/span><\/td>\r\n<\/tr>\r\n<tr>\r\n<td style=\"width: 25.625%;\"><span style=\"font-size: 12pt; font-family: arial, helvetica, sans-serif;\">27 06 au 07 07 2026<\/span><\/td>\r\n<td style=\"width: 54.375%;\"><span style=\"font-size: 12pt; font-family: arial, helvetica, sans-serif;\"><strong>390 euros la semaine max 4 personnes<\/strong><\/span><\/td>\r\n<td style=\"text-align: center; width: 19.6875%;\"><span style=\"font-size: 12pt;\">r\u00e9sa Heidmann<\/span><\/td>\r\n<\/tr>\r\n<tr>\r\n<td style=\"width: 25.625%;\"><span style=\"font-size: 12pt; font-family: arial, helvetica, sans-serif;\">07 07 au 11 07 2026<\/span><\/td>\r\n<td style=\"width: 54.375%;\"><span style=\"font-size: 12pt; font-family: arial, helvetica, sans-serif;\"><strong>200 euros la semaine max 4 personnes<\/strong><\/span><\/td>\r\n<td style=\"text-align: center; width: 19.6875%;\"><span style=\"font-size: 12pt;\">LIBRE<\/span><\/td>\r\n<\/tr>\r\n<tr>\r\n<td style=\"width: 25.625%;\"><span style=\"font-size: 12pt; font-family: arial, helvetica, sans-serif;\">11 07 au 18 07 2026<\/span><\/td>\r\n<td style=\"width: 54.375%;\"><span style=\"font-size: 12pt; font-family: arial, helvetica, sans-serif;\"><strong>490 euros la semaine max 4 personnes<\/strong><\/span><\/td>\r\n<td style=\"text-align: center; width: 19.6875%;\"><span style=\"font-family: arial, helvetica, sans-serif; font-size: 12pt;\">\u00a0LIBRE<\/span><\/td>\r\n<\/tr>\r\n<tr>\r\n<td style=\"width: 25.625%;\"><span style=\"font-size: 12pt; font-family: arial, helvetica, sans-serif;\">18 07 au 25 07 2026<\/span><\/td>\r\n<td style=\"width: 54.375%;\"><span style=\"font-size: 12pt; font-family: arial, helvetica, sans-serif;\"><strong>490 euros la semaine max 4 personnes<\/strong><\/span><\/td>\r\n<td style=\"text-align: center; width: 19.6875%;\"><span style=\"font-size: 12pt;\">r\u00e9sa KEISSER<\/span><\/td>\r\n<\/tr>\r\n<tr>\r\n<td style=\"width: 25.625%;\"><span style=\"font-size: 12pt; font-family: arial, helvetica, sans-serif;\">25 07 au 01 08 2026<\/span><\/td>\r\n<td style=\"width: 54.375%;\"><span style=\"font-size: 12pt; font-family: arial, helvetica, sans-serif;\"><strong>490 euros la semaine max 4 personnes<\/strong><\/span><\/td>\r\n<td style=\"text-align: center; width: 19.6875%;\"><span style=\"font-size: 12pt;\">\u00a0 \u00a0r\u00e9sa\u00a0 BOISSON<\/span><\/td>\r\n<\/tr>\r\n<tr>\r\n<td style=\"width: 25.625%;\"><span style=\"font-size: 12pt; font-family: arial, helvetica, sans-serif;\">01 08 au 08 08 2026<\/span><\/td>\r\n<td style=\"width: 54.375%;\"><span style=\"font-size: 12pt; font-family: arial, helvetica, sans-serif;\"><strong>490 euros la semaine max 4 personnes<\/strong><\/span><\/td>\r\n<td style=\"text-align: center; width: 19.6875%;\"><span style=\"font-size: 12pt;\">R\u00e9sa EVI<\/span><\/td>\r\n<\/tr>\r\n<tr>\r\n<td style=\"width: 25.625%;\"><span style=\"font-size: 12pt; font-family: arial, helvetica, sans-serif;\">09 08 au 16 08 2026<\/span><\/td>\r\n<td style=\"width: 54.375%;\"><span style=\"font-size: 12pt; font-family: arial, helvetica, sans-serif;\"><strong>490 euros la semaine max 4 personnes<\/strong><\/span><\/td>\r\n<td style=\"text-align: center; width: 19.6875%;\"><span style=\"font-size: 12pt;\">\u00a0R\u00e9sa ALBERTO<\/span><\/td>\r\n<\/tr>\r\n<tr>\r\n<td style=\"width: 25.625%;\"><span style=\"font-size: 12pt; font-family: arial, helvetica, sans-serif;\">16 08 au 22 08 2026<\/span><\/td>\r\n<td style=\"width: 54.375%;\"><span style=\"font-family: arial, helvetica, sans-serif; font-size: 12pt;\"><strong>490 euros la semaine max 4 personnes<\/strong><\/span><\/td>\r\n<td style=\"text-align: center; width: 19.6875%;\"><span style=\"font-size: 12pt;\">R\u00e9sa Julie<\/span><\/td>\r\n<\/tr>\r\n<tr>\r\n<td style=\"width: 25.625%;\"><span style=\"font-size: 12pt; font-family: arial, helvetica, sans-serif;\">22 08 au 30 08 2026<\/span><\/td>\r\n<td style=\"width: 54.375%;\"><span style=\"font-family: arial, helvetica, sans-serif; font-size: 12pt;\"><strong>390 euros la semaine max 4 personnes<\/strong><\/span><\/td>\r\n<td style=\"text-align: center; width: 19.6875%;\"><span style=\"font-family: arial, helvetica, sans-serif; font-size: 12pt;\">R\u00e9sa Julie<\/span><\/td>\r\n<\/tr>\r\n<tr>\r\n<td style=\"width: 25.625%;\"><span style=\"font-size: 12pt; font-family: arial, helvetica, sans-serif;\">30 08 au 05 09 2026<\/span><\/td>\r\n<td style=\"width: 54.375%;\"><span style=\"font-family: arial, helvetica, sans-serif; font-size: 12pt;\"><strong>350 euros la semaine max 4 personnes<\/strong><\/span><\/td>\r\n<td style=\"text-align: center; width: 19.6875%;\"><span style=\"font-family: arial, helvetica, sans-serif;\"><span style=\"font-size: 16px;\">LIBRE<\/span><\/span><\/td>\r\n<\/tr>\r\n<tr>\r\n<td style=\"width: 25.625%;\"><span style=\"font-size: 12pt; font-family: arial, helvetica, sans-serif;\">05 09 au 12 09 202<\/span><\/td>\r\n<td style=\"width: 54.375%;\"><span style=\"font-family: arial, helvetica, sans-serif; font-size: 12pt;\"><strong>350 euros la semaine max 4 personnes<\/strong><\/span><\/td>\r\n<td style=\"text-align: center; width: 19.6875%;\"><span style=\"font-size: 12pt;\">LIBRE<\/span><\/td>\r\n<\/tr>\r\n<\/tbody>\r\n<\/table>\r\n<p><a title=\"Contact\" href=\"http:\/\/www.pierra-menta.com\/camping\/wp-content\/uploads\/2013\/03\/tulipes.jpg\"><img loading=\"lazy\" decoding=\"async\" class=\"wp-image-244 alignright\" title=\"camping a la cote d'aime\" src=\"http:\/\/www.pierra-menta.com\/camping\/wp-content\/uploads\/2013\/03\/tulipes.jpg\" alt=\"tulipes\" width=\"300\" height=\"225\" srcset=\"https:\/\/www.pierra-menta.com\/camping\/wp-content\/uploads\/2013\/03\/tulipes.jpg 1000w, https:\/\/www.pierra-menta.com\/camping\/wp-content\/uploads\/2013\/03\/tulipes-300x225.jpg 300w\" sizes=\"auto, (max-width: 300px) 100vw, 300px\" \/><\/a><\/p>\r\n<h5><span style=\"font-size: x-large;\">Ouvert jusqu&rsquo;\u00e0 OCTOBRE de 350 euros \u00e0 490 euros la semaine<\/span><\/h5>","protected":false},"excerpt":{"rendered":"<p>&nbsp; Description : 1 chambre parentale (lit 140 x 200), 1 chambre lit superpos\u00e9 2 enfants ou 1 adulte, 1 salle de douche, 1 wc s\u00e9par\u00e9, 1 s\u00e9jour avec kitchenette, terrasse avec barbecue et vue sur les glaciers. Couettes ou couverture, vaisselle pour 4 personnes, plaque de cuisson au gaz, r\u00e9frig\u00e9rateur. Draps et linge de [&hellip;]<\/p>\n","protected":false},"author":1,"featured_media":0,"parent":59,"menu_order":0,"comment_status":"closed","ping_status":"closed","template":"","meta":{"ngg_post_thumbnail":0,"footnotes":"","_links_to":"","_links_to_target":""},"class_list":["post-70","page","type-page","status-publish","czr-hentry"],"_links":{"self":[{"href":"https:\/\/www.pierra-menta.com\/camping\/wp-json\/wp\/v2\/pages\/70","targetHints":{"allow":["GET"]}}],"collection":[{"href":"https:\/\/www.pierra-menta.com\/camping\/wp-json\/wp\/v2\/pages"}],"about":[{"href":"https:\/\/www.pierra-menta.com\/camping\/wp-json\/wp\/v2\/types\/page"}],"author":[{"embeddable":true,"href":"https:\/\/www.pierra-menta.com\/camping\/wp-json\/wp\/v2\/users\/1"}],"replies":[{"embeddable":true,"href":"https:\/\/www.pierra-menta.com\/camping\/wp-json\/wp\/v2\/comments?post=70"}],"version-history":[{"count":217,"href":"https:\/\/www.pierra-menta.com\/camping\/wp-json\/wp\/v2\/pages\/70\/revisions"}],"predecessor-version":[{"id":2196,"href":"https:\/\/www.pierra-menta.com\/camping\/wp-json\/wp\/v2\/pages\/70\/revisions\/2196"}],"up":[{"embeddable":true,"href":"https:\/\/www.pierra-menta.com\/camping\/wp-json\/wp\/v2\/pages\/59"}],"wp:attachment":[{"href":"https:\/\/www.pierra-menta.com\/camping\/wp-json\/wp\/v2\/media?parent=70"}],"curies":[{"name":"wp","href":"https:\/\/api.w.org\/{rel}","templated":true}]}}