{"id":48,"date":"2013-03-31T12:07:07","date_gmt":"2013-03-31T11:07:07","guid":{"rendered":"http:\/\/www.pierra-menta.com\/camping\/?page_id=48"},"modified":"2020-10-30T09:58:39","modified_gmt":"2020-10-30T08:58:39","slug":"interieur","status":"publish","type":"page","link":"https:\/\/www.pierra-menta.com\/camping\/location-de-gite\/interieur\/","title":{"rendered":"Int\u00e9rieur"},"content":{"rendered":"<p>Photos d&rsquo;int\u00e9rieur<\/p>\n<p>Charmant appartement de plein pied, comprenant cuisine int\u00e9gr\u00e9e,<\/p>\n<ul>\n<li>Four<\/li>\n<li>Four micro onde<\/li>\n<li>Lave vaisselle<\/li>\n<li>R\u00e9frig\u00e9rateur<\/li>\n<li>Grill pain, bouilloire \u00e9lectrique, cafeti\u00e8re \u00e9lectrique<\/li>\n<\/ul>\n<p>coin salon avec t\u00e9l\u00e9vision, wifi, chemin\u00e9e ( bois fournis ).<br \/>\nWc s\u00e9par\u00e9, salle de bain avec douche,<br \/>\nMachine \u00e0 laver dans la buanderie.<br \/>\n<a href=\"http:\/\/www.pierra-menta.com\/camping\/wp-content\/uploads\/2013\/03\/salon-g\u00eete-1.jpg\"><img loading=\"lazy\" decoding=\"async\" class=\"alignnone wp-image-848 size-medium\" title=\"Salon\" src=\"http:\/\/www.pierra-menta.com\/camping\/wp-content\/uploads\/2013\/03\/salon-g\u00eete-1-300x225.jpg\" alt=\"salon-gite\" width=\"300\" height=\"225\" srcset=\"https:\/\/www.pierra-menta.com\/camping\/wp-content\/uploads\/2013\/03\/salon-g\u00eete-1-300x225.jpg 300w, https:\/\/www.pierra-menta.com\/camping\/wp-content\/uploads\/2013\/03\/salon-g\u00eete-1-768x576.jpg 768w, https:\/\/www.pierra-menta.com\/camping\/wp-content\/uploads\/2013\/03\/salon-g\u00eete-1-1024x768.jpg 1024w, https:\/\/www.pierra-menta.com\/camping\/wp-content\/uploads\/2013\/03\/salon-g\u00eete-1.jpg 2048w\" sizes=\"auto, (max-width: 300px) 100vw, 300px\" \/><\/a>\u00a0<a href=\"http:\/\/www.pierra-menta.com\/camping\/wp-content\/uploads\/2013\/03\/cuisine-g\u00eete.jpg\"><img loading=\"lazy\" decoding=\"async\" class=\"alignnone wp-image-843 size-medium\" src=\"http:\/\/www.pierra-menta.com\/camping\/wp-content\/uploads\/2013\/03\/cuisine-g\u00eete-300x225.jpg\" alt=\"cuisine-gite\" width=\"300\" height=\"225\" srcset=\"https:\/\/www.pierra-menta.com\/camping\/wp-content\/uploads\/2013\/03\/cuisine-g\u00eete-300x225.jpg 300w, https:\/\/www.pierra-menta.com\/camping\/wp-content\/uploads\/2013\/03\/cuisine-g\u00eete-768x576.jpg 768w, https:\/\/www.pierra-menta.com\/camping\/wp-content\/uploads\/2013\/03\/cuisine-g\u00eete-1024x768.jpg 1024w, https:\/\/www.pierra-menta.com\/camping\/wp-content\/uploads\/2013\/03\/cuisine-g\u00eete.jpg 2048w\" sizes=\"auto, (max-width: 300px) 100vw, 300px\" \/><\/a><\/p>\n<p><a href=\"http:\/\/www.pierra-menta.com\/camping\/wp-content\/uploads\/2013\/03\/cuisine-g\u00eete-2.jpg\"><br \/>\n<img loading=\"lazy\" decoding=\"async\" class=\"alignnone wp-image-838 size-medium\" src=\"http:\/\/www.pierra-menta.com\/camping\/wp-content\/uploads\/2013\/03\/cuisine-g\u00eete-2-300x225.jpg\" alt=\"cuisine-gite-2\" width=\"300\" height=\"225\" srcset=\"https:\/\/www.pierra-menta.com\/camping\/wp-content\/uploads\/2013\/03\/cuisine-g\u00eete-2-300x225.jpg 300w, https:\/\/www.pierra-menta.com\/camping\/wp-content\/uploads\/2013\/03\/cuisine-g\u00eete-2-768x576.jpg 768w, https:\/\/www.pierra-menta.com\/camping\/wp-content\/uploads\/2013\/03\/cuisine-g\u00eete-2-1024x768.jpg 1024w, https:\/\/www.pierra-menta.com\/camping\/wp-content\/uploads\/2013\/03\/cuisine-g\u00eete-2.jpg 2048w\" sizes=\"auto, (max-width: 300px) 100vw, 300px\" \/><\/a><img loading=\"lazy\" decoding=\"async\" class=\"alignnone size-medium wp-image-935\" src=\"http:\/\/www.pierra-menta.com\/camping\/wp-content\/uploads\/2013\/03\/73G93118-4_c2i-200x300.jpg\" alt=\"\" width=\"200\" height=\"300\" srcset=\"https:\/\/www.pierra-menta.com\/camping\/wp-content\/uploads\/2013\/03\/73G93118-4_c2i-200x300.jpg 200w, https:\/\/www.pierra-menta.com\/camping\/wp-content\/uploads\/2013\/03\/73G93118-4_c2i-768x1152.jpg 768w, https:\/\/www.pierra-menta.com\/camping\/wp-content\/uploads\/2013\/03\/73G93118-4_c2i-682x1024.jpg 682w, https:\/\/www.pierra-menta.com\/camping\/wp-content\/uploads\/2013\/03\/73G93118-4_c2i.jpg 933w\" sizes=\"auto, (max-width: 200px) 100vw, 200px\" \/><\/p>\n<p><a href=\"http:\/\/www.pierra-menta.com\/camping\/wp-content\/uploads\/2013\/03\/sdb-g\u00eete.jpg\"><br \/>\n<\/a><a href=\"http:\/\/www.pierra-menta.com\/camping\/wp-content\/uploads\/2013\/03\/chambre.jpg\"><img loading=\"lazy\" decoding=\"async\" class=\"alignnone wp-image-795 size-medium\" src=\"http:\/\/www.pierra-menta.com\/camping\/wp-content\/uploads\/2013\/03\/chambre-300x225.jpg\" alt=\"chambre\" width=\"300\" height=\"225\" srcset=\"https:\/\/www.pierra-menta.com\/camping\/wp-content\/uploads\/2013\/03\/chambre-300x225.jpg 300w, https:\/\/www.pierra-menta.com\/camping\/wp-content\/uploads\/2013\/03\/chambre.jpg 400w\" sizes=\"auto, (max-width: 300px) 100vw, 300px\" \/>\u00a0<img loading=\"lazy\" decoding=\"async\" class=\"alignnone wp-image-845 size-medium\" src=\"http:\/\/www.pierra-menta.com\/camping\/wp-content\/uploads\/2013\/03\/veranda-g\u00eete-300x225.jpg\" alt=\"veranda-gite\" width=\"300\" height=\"225\" srcset=\"https:\/\/www.pierra-menta.com\/camping\/wp-content\/uploads\/2013\/03\/veranda-g\u00eete-300x225.jpg 300w, https:\/\/www.pierra-menta.com\/camping\/wp-content\/uploads\/2013\/03\/veranda-g\u00eete-768x576.jpg 768w, https:\/\/www.pierra-menta.com\/camping\/wp-content\/uploads\/2013\/03\/veranda-g\u00eete-1024x768.jpg 1024w, https:\/\/www.pierra-menta.com\/camping\/wp-content\/uploads\/2013\/03\/veranda-g\u00eete.jpg 2048w\" sizes=\"auto, (max-width: 300px) 100vw, 300px\" \/><img loading=\"lazy\" decoding=\"async\" class=\"alignnone size-medium wp-image-926\" src=\"http:\/\/www.pierra-menta.com\/camping\/wp-content\/uploads\/2013\/03\/73G93118-7_c2i-300x200.jpg\" alt=\"\" width=\"300\" height=\"200\" srcset=\"https:\/\/www.pierra-menta.com\/camping\/wp-content\/uploads\/2013\/03\/73G93118-7_c2i-300x200.jpg 300w, https:\/\/www.pierra-menta.com\/camping\/wp-content\/uploads\/2013\/03\/73G93118-7_c2i-768x512.jpg 768w, https:\/\/www.pierra-menta.com\/camping\/wp-content\/uploads\/2013\/03\/73G93118-7_c2i-1024x682.jpg 1024w, https:\/\/www.pierra-menta.com\/camping\/wp-content\/uploads\/2013\/03\/73G93118-7_c2i.jpg 1400w\" sizes=\"auto, (max-width: 300px) 100vw, 300px\" \/><img loading=\"lazy\" decoding=\"async\" class=\"alignnone size-medium wp-image-936\" src=\"http:\/\/www.pierra-menta.com\/camping\/wp-content\/uploads\/2013\/03\/73G93118-5_c2i-300x200.jpg\" alt=\"\" width=\"300\" height=\"200\" srcset=\"https:\/\/www.pierra-menta.com\/camping\/wp-content\/uploads\/2013\/03\/73G93118-5_c2i-300x200.jpg 300w, https:\/\/www.pierra-menta.com\/camping\/wp-content\/uploads\/2013\/03\/73G93118-5_c2i-768x512.jpg 768w, https:\/\/www.pierra-menta.com\/camping\/wp-content\/uploads\/2013\/03\/73G93118-5_c2i-1024x682.jpg 1024w, https:\/\/www.pierra-menta.com\/camping\/wp-content\/uploads\/2013\/03\/73G93118-5_c2i.jpg 1400w\" sizes=\"auto, (max-width: 300px) 100vw, 300px\" \/><\/a><\/p>\n<p><a href=\"http:\/\/www.pierra-menta.com\/camping\/wp-content\/uploads\/2013\/03\/chambre.jpg\"><br \/>\n<\/a><a href=\"http:\/\/www.pierra-menta.com\/camping\/wp-content\/uploads\/2013\/03\/veranda-g\u00eete.jpg\"><br \/>\n<\/a><\/p>\n","protected":false},"excerpt":{"rendered":"<p>Photos d&rsquo;int\u00e9rieur Charmant appartement de plein pied, comprenant cuisine int\u00e9gr\u00e9e, Four Four micro onde Lave vaisselle R\u00e9frig\u00e9rateur Grill pain, bouilloire \u00e9lectrique, cafeti\u00e8re \u00e9lectrique coin salon avec t\u00e9l\u00e9vision, wifi, chemin\u00e9e ( bois fournis ). Wc s\u00e9par\u00e9, salle de bain avec douche, Machine \u00e0 laver dans la buanderie. \u00a0 \u00a0<\/p>\n","protected":false},"author":1,"featured_media":0,"parent":44,"menu_order":0,"comment_status":"open","ping_status":"open","template":"","meta":{"ngg_post_thumbnail":0,"footnotes":"","_links_to":"","_links_to_target":""},"class_list":["post-48","page","type-page","status-publish","czr-hentry"],"_links":{"self":[{"href":"https:\/\/www.pierra-menta.com\/camping\/wp-json\/wp\/v2\/pages\/48","targetHints":{"allow":["GET"]}}],"collection":[{"href":"https:\/\/www.pierra-menta.com\/camping\/wp-json\/wp\/v2\/pages"}],"about":[{"href":"https:\/\/www.pierra-menta.com\/camping\/wp-json\/wp\/v2\/types\/page"}],"author":[{"embeddable":true,"href":"https:\/\/www.pierra-menta.com\/camping\/wp-json\/wp\/v2\/users\/1"}],"replies":[{"embeddable":true,"href":"https:\/\/www.pierra-menta.com\/camping\/wp-json\/wp\/v2\/comments?post=48"}],"version-history":[{"count":26,"href":"https:\/\/www.pierra-menta.com\/camping\/wp-json\/wp\/v2\/pages\/48\/revisions"}],"predecessor-version":[{"id":1621,"href":"https:\/\/www.pierra-menta.com\/camping\/wp-json\/wp\/v2\/pages\/48\/revisions\/1621"}],"up":[{"embeddable":true,"href":"https:\/\/www.pierra-menta.com\/camping\/wp-json\/wp\/v2\/pages\/44"}],"wp:attachment":[{"href":"https:\/\/www.pierra-menta.com\/camping\/wp-json\/wp\/v2\/media?parent=48"}],"curies":[{"name":"wp","href":"https:\/\/api.w.org\/{rel}","templated":true}]}}