{"id":46,"date":"2013-03-31T12:06:21","date_gmt":"2013-03-31T11:06:21","guid":{"rendered":"http:\/\/www.pierra-menta.com\/camping\/?page_id=46"},"modified":"2025-06-21T16:04:20","modified_gmt":"2025-06-21T15:04:20","slug":"presentation","status":"publish","type":"page","link":"https:\/\/www.pierra-menta.com\/camping\/location-de-gite\/presentation\/","title":{"rendered":"Gite Pierra-Menta"},"content":{"rendered":"<p align=\"left\">Le g\u00eete fait 50 m2 avec tout le confort : cuisine am\u00e9nag\u00e9e, lave vaisselle, lave linge, chemin\u00e9e,<br \/>\n2 chambres de 2 personnes,\u00a0 et un s\u00e9jour.<\/p>\n<p align=\"left\">Une v\u00e9randa donne acc\u00e8s \u00e0\u00a0une pelouse\u00a0priv\u00e9e\u00a0avec vue sur le glacier du Mont Pourri.<br \/>\nVous\u00a0b\u00e9n\u00e9ficiez \u00e9galement\u00a0d&rsquo;un parking.<br \/>\nPas de Connexion internet par wifi.<\/p>\n<p align=\"left\">Pistes de ski de fond et de marche en raquette \u00e0 partir du chalet ou du foyer de ski de fond (\u00e0 10 mn de voiture au dessus du g\u00eete).<\/p>\n<p>&nbsp;<\/p>\n","protected":false},"excerpt":{"rendered":"<p>Le g\u00eete fait 50 m2 avec tout le confort : cuisine am\u00e9nag\u00e9e, lave vaisselle, lave linge, chemin\u00e9e, 2 chambres de 2 personnes,\u00a0 et un s\u00e9jour. Une v\u00e9randa donne acc\u00e8s \u00e0\u00a0une pelouse\u00a0priv\u00e9e\u00a0avec vue sur le glacier du Mont Pourri. Vous\u00a0b\u00e9n\u00e9ficiez \u00e9galement\u00a0d&rsquo;un parking. Pas de Connexion internet par wifi. Pistes de ski de fond et de marche [&hellip;]<\/p>\n","protected":false},"author":1,"featured_media":927,"parent":44,"menu_order":0,"comment_status":"open","ping_status":"open","template":"","meta":{"ngg_post_thumbnail":0,"footnotes":"","_links_to":"","_links_to_target":""},"class_list":["post-46","page","type-page","status-publish","has-post-thumbnail","czr-hentry"],"_links":{"self":[{"href":"https:\/\/www.pierra-menta.com\/camping\/wp-json\/wp\/v2\/pages\/46","targetHints":{"allow":["GET"]}}],"collection":[{"href":"https:\/\/www.pierra-menta.com\/camping\/wp-json\/wp\/v2\/pages"}],"about":[{"href":"https:\/\/www.pierra-menta.com\/camping\/wp-json\/wp\/v2\/types\/page"}],"author":[{"embeddable":true,"href":"https:\/\/www.pierra-menta.com\/camping\/wp-json\/wp\/v2\/users\/1"}],"replies":[{"embeddable":true,"href":"https:\/\/www.pierra-menta.com\/camping\/wp-json\/wp\/v2\/comments?post=46"}],"version-history":[{"count":28,"href":"https:\/\/www.pierra-menta.com\/camping\/wp-json\/wp\/v2\/pages\/46\/revisions"}],"predecessor-version":[{"id":2128,"href":"https:\/\/www.pierra-menta.com\/camping\/wp-json\/wp\/v2\/pages\/46\/revisions\/2128"}],"up":[{"embeddable":true,"href":"https:\/\/www.pierra-menta.com\/camping\/wp-json\/wp\/v2\/pages\/44"}],"wp:featuredmedia":[{"embeddable":true,"href":"https:\/\/www.pierra-menta.com\/camping\/wp-json\/wp\/v2\/media\/927"}],"wp:attachment":[{"href":"https:\/\/www.pierra-menta.com\/camping\/wp-json\/wp\/v2\/media?parent=46"}],"curies":[{"name":"wp","href":"https:\/\/api.w.org\/{rel}","templated":true}]}}