{"id":42,"date":"2013-03-31T12:04:32","date_gmt":"2013-03-31T11:04:32","guid":{"rendered":"http:\/\/www.pierra-menta.com\/camping\/?page_id=42"},"modified":"2023-12-02T06:25:48","modified_gmt":"2023-12-02T05:25:48","slug":"plan-dacces","status":"publish","type":"page","link":"https:\/\/www.pierra-menta.com\/camping\/situation\/plan-dacces\/","title":{"rendered":"Situation &#038; Plan d&rsquo;Acc\u00e8s"},"content":{"rendered":"<p>Pour nous rejoindre :<\/p>\n<p>&nbsp;<\/p>\n<p>&#8211;\u00a0Depuis Albertville\u00a0:<br \/>\nSuivre la N90 direction Aime &#8211; La Plagne, puis sortir de la N90 \u00e0 Aime.<br \/>\nTraverser Aime en prenant tout <a href=\"https:\/\/www.factorygf.com\/product\/gf-rolex-day-date-118206-36mm-mens-silver-jubilee-dial\/\">droit<\/a> \u00e0 chacun des deux rond-point.<br \/>\nTourner \u00e0 gauche juste apr\u00e8s le deuxi\u00e8me rond-point direction La C\u00f4te d&rsquo;Aime et suivre le fl\u00e8chage \u00ab\u00a0Camping Pierra-Menta\u00a0\u00bb<\/p>\n<p><a href=\"http:\/\/www.pierra-menta.com\/camping\/wp-content\/uploads\/2013\/03\/planacces2.jpg\"><img loading=\"lazy\" decoding=\"async\" class=\"alignnone size-full wp-image-517\" alt=\"planacces2\" src=\"http:\/\/www.pierra-menta.com\/camping\/wp-content\/uploads\/2013\/03\/planacces2.jpg\" width=\"750\" height=\"494\" srcset=\"https:\/\/www.pierra-menta.com\/camping\/wp-content\/uploads\/2013\/03\/planacces2.jpg 750w, https:\/\/www.pierra-menta.com\/camping\/wp-content\/uploads\/2013\/03\/planacces2-300x197.jpg 300w\" sizes=\"auto, (max-width: 750px) 100vw, 750px\" \/><\/a><\/p>\n","protected":false},"excerpt":{"rendered":"<p>Pour nous rejoindre : &nbsp; &#8211;\u00a0Depuis Albertville\u00a0: Suivre la N90 direction Aime &#8211; La Plagne, puis sortir de la N90 \u00e0 Aime. Traverser Aime en prenant tout droit \u00e0 chacun des deux rond-point. Tourner \u00e0 gauche juste apr\u00e8s le deuxi\u00e8me rond-point direction La C\u00f4te d&rsquo;Aime et suivre le fl\u00e8chage \u00ab\u00a0Camping Pierra-Menta\u00a0\u00bb<\/p>\n","protected":false},"author":1,"featured_media":0,"parent":40,"menu_order":0,"comment_status":"open","ping_status":"open","template":"","meta":{"ngg_post_thumbnail":0,"footnotes":"","_links_to":"","_links_to_target":""},"class_list":["post-42","page","type-page","status-publish","czr-hentry"],"_links":{"self":[{"href":"https:\/\/www.pierra-menta.com\/camping\/wp-json\/wp\/v2\/pages\/42","targetHints":{"allow":["GET"]}}],"collection":[{"href":"https:\/\/www.pierra-menta.com\/camping\/wp-json\/wp\/v2\/pages"}],"about":[{"href":"https:\/\/www.pierra-menta.com\/camping\/wp-json\/wp\/v2\/types\/page"}],"author":[{"embeddable":true,"href":"https:\/\/www.pierra-menta.com\/camping\/wp-json\/wp\/v2\/users\/1"}],"replies":[{"embeddable":true,"href":"https:\/\/www.pierra-menta.com\/camping\/wp-json\/wp\/v2\/comments?post=42"}],"version-history":[{"count":8,"href":"https:\/\/www.pierra-menta.com\/camping\/wp-json\/wp\/v2\/pages\/42\/revisions"}],"predecessor-version":[{"id":1923,"href":"https:\/\/www.pierra-menta.com\/camping\/wp-json\/wp\/v2\/pages\/42\/revisions\/1923"}],"up":[{"embeddable":true,"href":"https:\/\/www.pierra-menta.com\/camping\/wp-json\/wp\/v2\/pages\/40"}],"wp:attachment":[{"href":"https:\/\/www.pierra-menta.com\/camping\/wp-json\/wp\/v2\/media?parent=42"}],"curies":[{"name":"wp","href":"https:\/\/api.w.org\/{rel}","templated":true}]}}