{"id":1360,"date":"2019-04-29T10:44:12","date_gmt":"2019-04-29T09:44:12","guid":{"rendered":"http:\/\/www.pierra-menta.com\/camping\/?page_id=1360"},"modified":"2026-01-31T19:00:57","modified_gmt":"2026-01-31T18:00:57","slug":"chalet-4-personness","status":"publish","type":"page","link":"https:\/\/www.pierra-menta.com\/camping\/chalet-4-personness\/","title":{"rendered":"Chalet la Marmotte"},"content":{"rendered":"\r\n<p>&nbsp;<\/p>\r\n<p><strong>Chalet individuel en bois avec une terrasse abrit\u00e9e, une vue panoramique sur les glaciers de la Vanoise et sur la vall\u00e9e de Tarentaise ! Une destination parfaite pour les randonneurs ou contemplatifs, entre massif du Beaufortain et de la Vanoise !<\/strong><\/p>\r\n<p class=\"g2f-title g2f-title--eta u-mg-t--l\"><strong>Description<\/strong> : Chalet situ\u00e9 \u00e0 l&rsquo;entr\u00e9e du camping du propri\u00e9taire, en bordure du village. Coteau du \u00ab\u00a0Versants du Soleil\u00a0\u00bb orient\u00e9 sud-ouest\u00a0 Chalet en bois de 35 m2 avec grande terrasse (table et chaises), s\u00e9jour cuisine am\u00e9nag\u00e9e, lave vaisselle, r\u00e9frig\u00e9rateur, plaque de cuisson vitroc\u00e9ramique, micro-onde, TV . Salle de douche avec lavabo et s\u00e8che serviette, wc s\u00e9par\u00e9. 1 chambre parentale lit 140&#215;200, 1 chambre avec 2 lits jumeaux. Couettes, oreillers, prot\u00e8ge matelas. Draps et linge de toilette non fournis.<\/p>\r\n<p>Vous pouvez aussi r\u00e9server en direct 06 08 84 18 37<\/p>\r\n<p><a href=\"http:\/\/www.pierra-menta.com\/camping\/wp-content\/uploads\/2018\/09\/IMG_20180924_164709.jpg\"><img loading=\"lazy\" decoding=\"async\" class=\"alignnone size-thumbnail wp-image-1310\" src=\"http:\/\/www.pierra-menta.com\/camping\/wp-content\/uploads\/2018\/09\/IMG_20180924_164709-150x150.jpg\" alt=\"\" width=\"150\" height=\"150\" \/><\/a> <a href=\"http:\/\/www.pierra-menta.com\/camping\/wp-content\/uploads\/2019\/04\/G\u00eetes-de-France-Savoie-73G93126-La-C\u00f4te-dAime-2-1.jpg\"><img loading=\"lazy\" decoding=\"async\" class=\"alignnone size-thumbnail wp-image-1373\" src=\"http:\/\/www.pierra-menta.com\/camping\/wp-content\/uploads\/2019\/04\/G\u00eetes-de-France-Savoie-73G93126-La-C\u00f4te-dAime-2-1-150x150.jpg\" alt=\"\" width=\"150\" height=\"150\" \/><\/a> <a href=\"http:\/\/www.pierra-menta.com\/camping\/wp-content\/uploads\/2019\/04\/G\u00eetes-de-France-Savoie-73G93126-La-C\u00f4te-dAime-10.jpg\"><img loading=\"lazy\" decoding=\"async\" class=\"alignnone size-thumbnail wp-image-1369\" src=\"http:\/\/www.pierra-menta.com\/camping\/wp-content\/uploads\/2019\/04\/G\u00eetes-de-France-Savoie-73G93126-La-C\u00f4te-dAime-10-150x150.jpg\" alt=\"\" width=\"150\" height=\"150\" \/><\/a> <a href=\"http:\/\/www.pierra-menta.com\/camping\/wp-content\/uploads\/2019\/04\/G\u00eetes-de-France-Savoie-73G93126-La-C\u00f4te-dAime-14.jpg\"><img loading=\"lazy\" decoding=\"async\" class=\"alignnone size-thumbnail wp-image-1368\" src=\"http:\/\/www.pierra-menta.com\/camping\/wp-content\/uploads\/2019\/04\/G\u00eetes-de-France-Savoie-73G93126-La-C\u00f4te-dAime-14-150x150.jpg\" alt=\"\" width=\"150\" height=\"150\" \/><\/a> <a href=\"http:\/\/www.pierra-menta.com\/camping\/wp-content\/uploads\/2019\/04\/G\u00eetes-de-France-Savoie-73G93126-La-C\u00f4te-dAime-13.jpg\"><img loading=\"lazy\" decoding=\"async\" class=\"alignnone size-thumbnail wp-image-1372\" src=\"http:\/\/www.pierra-menta.com\/camping\/wp-content\/uploads\/2019\/04\/G\u00eetes-de-France-Savoie-73G93126-La-C\u00f4te-dAime-13-150x150.jpg\" alt=\"\" width=\"150\" height=\"150\" \/><\/a> <a href=\"http:\/\/www.pierra-menta.com\/camping\/wp-content\/uploads\/2019\/04\/G\u00eetes-de-France-Savoie-73G93126-La-C\u00f4te-dAime-12.jpg\"><img loading=\"lazy\" decoding=\"async\" class=\"alignnone size-thumbnail wp-image-1371\" src=\"http:\/\/www.pierra-menta.com\/camping\/wp-content\/uploads\/2019\/04\/G\u00eetes-de-France-Savoie-73G93126-La-C\u00f4te-dAime-12-150x150.jpg\" alt=\"\" width=\"150\" height=\"150\" \/><\/a> <a href=\"http:\/\/www.pierra-menta.com\/camping\/wp-content\/uploads\/2019\/04\/G\u00eetes-de-France-Savoie-73G93126-La-C\u00f4te-dAime-11.jpg\"><img loading=\"lazy\" decoding=\"async\" class=\"alignnone size-thumbnail wp-image-1370\" src=\"http:\/\/www.pierra-menta.com\/camping\/wp-content\/uploads\/2019\/04\/G\u00eetes-de-France-Savoie-73G93126-La-C\u00f4te-dAime-11-150x150.jpg\" alt=\"\" width=\"150\" height=\"150\" \/><\/a> <a href=\"http:\/\/www.pierra-menta.com\/camping\/wp-content\/uploads\/2019\/04\/G\u00eetes-de-France-Savoie-73G93126-La-C\u00f4te-dAime-7.jpg\"><img loading=\"lazy\" decoding=\"async\" class=\"alignnone size-thumbnail wp-image-1367\" src=\"http:\/\/www.pierra-menta.com\/camping\/wp-content\/uploads\/2019\/04\/G\u00eetes-de-France-Savoie-73G93126-La-C\u00f4te-dAime-7-150x150.jpg\" alt=\"\" width=\"150\" height=\"150\" \/><\/a> <a href=\"http:\/\/www.pierra-menta.com\/camping\/wp-content\/uploads\/2019\/04\/G\u00eetes-de-France-Savoie-73G93126-La-C\u00f4te-dAime-6.jpg\"><img loading=\"lazy\" decoding=\"async\" class=\"alignnone size-thumbnail wp-image-1366\" src=\"http:\/\/www.pierra-menta.com\/camping\/wp-content\/uploads\/2019\/04\/G\u00eetes-de-France-Savoie-73G93126-La-C\u00f4te-dAime-6-150x150.jpg\" alt=\"\" width=\"150\" height=\"150\" \/><\/a> <a href=\"http:\/\/www.pierra-menta.com\/camping\/wp-content\/uploads\/2019\/04\/G\u00eetes-de-France-Savoie-73G93126-La-C\u00f4te-dAime-4.jpg\"><img loading=\"lazy\" decoding=\"async\" class=\"alignnone size-thumbnail wp-image-1365\" src=\"http:\/\/www.pierra-menta.com\/camping\/wp-content\/uploads\/2019\/04\/G\u00eetes-de-France-Savoie-73G93126-La-C\u00f4te-dAime-4-150x150.jpg\" alt=\"\" width=\"150\" height=\"150\" \/><\/a> <a href=\"http:\/\/www.pierra-menta.com\/camping\/wp-content\/uploads\/2019\/04\/G\u00eetes-de-France-Savoie-73G93126-La-C\u00f4te-dAime-3.jpg\"><img loading=\"lazy\" decoding=\"async\" class=\"alignnone size-thumbnail wp-image-1364\" src=\"http:\/\/www.pierra-menta.com\/camping\/wp-content\/uploads\/2019\/04\/G\u00eetes-de-France-Savoie-73G93126-La-C\u00f4te-dAime-3-150x150.jpg\" alt=\"\" width=\"150\" height=\"150\" \/><\/a> <a href=\"http:\/\/www.pierra-menta.com\/camping\/wp-content\/uploads\/2019\/04\/G\u00eetes-de-France-Savoie-73G93126-La-C\u00f4te-dAime-2.jpg\"><img loading=\"lazy\" decoding=\"async\" class=\"alignnone size-thumbnail wp-image-1363\" src=\"http:\/\/www.pierra-menta.com\/camping\/wp-content\/uploads\/2019\/04\/G\u00eetes-de-France-Savoie-73G93126-La-C\u00f4te-dAime-2-150x150.jpg\" alt=\"\" width=\"150\" height=\"150\" \/><\/a> <a href=\"http:\/\/www.pierra-menta.com\/camping\/wp-content\/uploads\/2019\/04\/G\u00eetes-de-France-Savoie-73G93126-La-C\u00f4te-dAime-16.jpg\"><img loading=\"lazy\" decoding=\"async\" class=\"alignnone size-thumbnail wp-image-1362\" src=\"http:\/\/www.pierra-menta.com\/camping\/wp-content\/uploads\/2019\/04\/G\u00eetes-de-France-Savoie-73G93126-La-C\u00f4te-dAime-16-150x150.jpg\" alt=\"\" width=\"150\" height=\"150\" \/><\/a> <a href=\"http:\/\/www.pierra-menta.com\/camping\/wp-content\/uploads\/2019\/04\/G\u00eetes-de-France-Savoie-73G93126-La-C\u00f4te-dAime-15.jpg\"><img loading=\"lazy\" decoding=\"async\" class=\"alignnone size-thumbnail wp-image-1361\" src=\"http:\/\/www.pierra-menta.com\/camping\/wp-content\/uploads\/2019\/04\/G\u00eetes-de-France-Savoie-73G93126-La-C\u00f4te-dAime-15-150x150.jpg\" alt=\"\" width=\"150\" height=\"150\" \/><\/a><\/p>\r\n","protected":false},"excerpt":{"rendered":"<p>&nbsp; Chalet individuel en bois avec une terrasse abrit\u00e9e, une vue panoramique sur les glaciers de la Vanoise et sur la vall\u00e9e de Tarentaise ! Une destination parfaite pour les randonneurs ou contemplatifs, entre massif du Beaufortain et de la Vanoise ! Description : Chalet situ\u00e9 \u00e0 l&rsquo;entr\u00e9e du camping du propri\u00e9taire, en bordure du [&hellip;]<\/p>\n","protected":false},"author":1,"featured_media":0,"parent":0,"menu_order":0,"comment_status":"closed","ping_status":"closed","template":"","meta":{"ngg_post_thumbnail":0,"footnotes":"","_links_to":"","_links_to_target":""},"class_list":["post-1360","page","type-page","status-publish","czr-hentry"],"_links":{"self":[{"href":"https:\/\/www.pierra-menta.com\/camping\/wp-json\/wp\/v2\/pages\/1360","targetHints":{"allow":["GET"]}}],"collection":[{"href":"https:\/\/www.pierra-menta.com\/camping\/wp-json\/wp\/v2\/pages"}],"about":[{"href":"https:\/\/www.pierra-menta.com\/camping\/wp-json\/wp\/v2\/types\/page"}],"author":[{"embeddable":true,"href":"https:\/\/www.pierra-menta.com\/camping\/wp-json\/wp\/v2\/users\/1"}],"replies":[{"embeddable":true,"href":"https:\/\/www.pierra-menta.com\/camping\/wp-json\/wp\/v2\/comments?post=1360"}],"version-history":[{"count":22,"href":"https:\/\/www.pierra-menta.com\/camping\/wp-json\/wp\/v2\/pages\/1360\/revisions"}],"predecessor-version":[{"id":2177,"href":"https:\/\/www.pierra-menta.com\/camping\/wp-json\/wp\/v2\/pages\/1360\/revisions\/2177"}],"wp:attachment":[{"href":"https:\/\/www.pierra-menta.com\/camping\/wp-json\/wp\/v2\/media?parent=1360"}],"curies":[{"name":"wp","href":"https:\/\/api.w.org\/{rel}","templated":true}]}}