{"id":1128,"date":"2017-05-15T16:48:07","date_gmt":"2017-05-15T15:48:07","guid":{"rendered":"http:\/\/www.pierra-menta.com\/camping\/?page_id=1128"},"modified":"2023-12-04T11:10:41","modified_gmt":"2023-12-04T10:10:41","slug":"thermalisme","status":"publish","type":"page","link":"https:\/\/www.pierra-menta.com\/camping\/thermalisme\/","title":{"rendered":"Thermalisme"},"content":{"rendered":"<p>Pour vous relaxer !<\/p>\n<p>Thermes de Salins\/Brides les Bains : la station qui va vous remodeler ! Depuis l&rsquo;antiquit\u00e9, on vient se la couler douce \u00e0 Brides les Bains. Venez profiter du Grand Spa Thermal des Alpes ou de la piscine de Salins en eau thermale (jacuzzi, buses hydrocarbures, aquagym).<\/p>\n<p>Thermes de la Lech\u00e8re les Bains : soins et d\u00e9tente dans un cadre montagnard dans une eau puis\u00e9e \u00e0 200 m sous le socle rocheux. Grand Spa \u00d5 des Lauzes (bassins aquadynamiques, jacuzzi indoor\/outdoor, saunas, hammams)<\/p>\n<p>A d\u00e9couvrir l&rsquo;Espace Aquacalida !<\/p>\n<p>&nbsp;<\/p>\n","protected":false},"excerpt":{"rendered":"<p>Pour vous relaxer ! Thermes de Salins\/Brides les Bains : la station qui va vous remodeler ! Depuis l&rsquo;antiquit\u00e9, on vient se la couler douce \u00e0 Brides les Bains. Venez profiter du Grand Spa Thermal des Alpes ou de la piscine de Salins en eau thermale (jacuzzi, buses hydrocarbures, aquagym). Thermes de la Lech\u00e8re les [&hellip;]<\/p>\n","protected":false},"author":1,"featured_media":0,"parent":0,"menu_order":0,"comment_status":"closed","ping_status":"closed","template":"","meta":{"ngg_post_thumbnail":0,"footnotes":"","_links_to":"","_links_to_target":""},"class_list":["post-1128","page","type-page","status-publish","czr-hentry"],"_links":{"self":[{"href":"https:\/\/www.pierra-menta.com\/camping\/wp-json\/wp\/v2\/pages\/1128","targetHints":{"allow":["GET"]}}],"collection":[{"href":"https:\/\/www.pierra-menta.com\/camping\/wp-json\/wp\/v2\/pages"}],"about":[{"href":"https:\/\/www.pierra-menta.com\/camping\/wp-json\/wp\/v2\/types\/page"}],"author":[{"embeddable":true,"href":"https:\/\/www.pierra-menta.com\/camping\/wp-json\/wp\/v2\/users\/1"}],"replies":[{"embeddable":true,"href":"https:\/\/www.pierra-menta.com\/camping\/wp-json\/wp\/v2\/comments?post=1128"}],"version-history":[{"count":6,"href":"https:\/\/www.pierra-menta.com\/camping\/wp-json\/wp\/v2\/pages\/1128\/revisions"}],"predecessor-version":[{"id":1960,"href":"https:\/\/www.pierra-menta.com\/camping\/wp-json\/wp\/v2\/pages\/1128\/revisions\/1960"}],"wp:attachment":[{"href":"https:\/\/www.pierra-menta.com\/camping\/wp-json\/wp\/v2\/media?parent=1128"}],"curies":[{"name":"wp","href":"https:\/\/api.w.org\/{rel}","templated":true}]}}